{"id":1672,"date":"2024-12-06T10:17:49","date_gmt":"2024-12-06T10:17:49","guid":{"rendered":"https:\/\/thebreeze.pt\/contactos\/"},"modified":"2025-03-03T11:37:30","modified_gmt":"2025-03-03T11:37:30","slug":"contacts","status":"publish","type":"page","link":"https:\/\/thebreeze.pt\/en\/contacts\/","title":{"rendered":"Contacts"},"content":{"rendered":"<!--themify_builder_content-->\n<div id=\"themify_builder_content-1672\" data-postid=\"1672\" class=\"themify_builder_content themify_builder_content-1672 themify_builder tf_clear\">\n                    <div  data-css_id=\"6vex350\" data-lazy=\"1\" class=\"module_row themify_builder_row wraphome1 fullheight fullwidth tb_6vex350 tb_first tf_w\">\n            <span class=\"builder_row_cover tf_abs\"><\/span>            <span class=\"tf_hide row-slider tb_slider tf_abs\" data-bgmode=\"kenburns-effect\" data-sliderspeed=\"2000\">\n                <span class=\"tf_abs row-slider-slides tf_w tf_hidden tf_clearfix\">\n                                <span data-bg=\"https:\/\/thebreeze.pt\/wp-content\/uploads\/2025\/02\/THE-BREEZE-CONTACTS-TOP-scaled.jpg\">\n                        <a href=\"javascript:;\" rel=\"nofollow\" class=\"row-slider-dot\" data-index=\"0\"><span class=\"screen-reader-text\">&bull;<\/span><\/a>\n                    <\/span>\n                                <\/span>\n                <span class=\"row-slider-nav tf_abs_t tf_w\">\n                    <a href=\"javascript:;\" rel=\"nofollow\" class=\"row-slider-arrow row-slider-prev tf_hidden tf_abs_t\"><span class=\"screen-reader-text\">&larr;<\/span><\/a>\n                    <a href=\"javascript:;\" rel=\"nofollow\" class=\"row-slider-arrow row-slider-next tf_hidden tf_abs_t\"><span class=\"screen-reader-text\">&rarr;<\/span><\/a>\n                <\/span>\n            <\/span>\n                        <div class=\"row_inner col_align_top tb_col_count_1 tf_box tf_rel\">\n                        <div  data-lazy=\"1\" class=\"module_column tb-column col-full tb_yrr8032 first\">\n                    <!-- module text -->\n<div  class=\"module module-text tb_cwjs330    wow\" data-tf-animation=\"fadeIn\" data-lazy=\"1\">\n        <div  class=\"tb_text_wrap\">\n        <h1>THE BREEZE<\/h1>\n<p>Start your day overlooking<br \/>\nthe sea 365 days a year.<\/p>\n<p><a href=\"#contacts\">Talk to us<\/a><\/p>\n    <\/div>\n<\/div>\n<!-- \/module text -->        <\/div>\n                        <\/div>\n        <\/div>\n                        <div  data-anchor=\"contacts\" data-hide-anchor=\"1\" data-lazy=\"1\" class=\"module_row themify_builder_row wraphome4 genformataltspace tb_has_section tb_section-contacts tb_0md5000 tf_w\">\n                        <div class=\"row_inner col_align_top tb_col_count_1 tf_box tf_rel\">\n                        <div  data-lazy=\"1\" class=\"module_column tb-column col-full tb_jkke390 first\">\n                    <!-- module text -->\n<div  class=\"module module-text tb_jzqh004 genformatalt   wow\" data-tf-animation=\"fadeInUp\" data-lazy=\"1\">\n        <div  class=\"tb_text_wrap\">\n        <div class=\"gt-linealt\"><\/div>\n<h2>CONTACTS<\/h2>\n<h3>Choose your new home<br \/>\nand take a tour<\/h3>\n    <\/div>\n<\/div>\n<!-- \/module text -->        <\/div>\n                        <\/div>\n        <\/div>\n                        <div  data-lazy=\"1\" class=\"module_row themify_builder_row tb_csvb66 tf_w hide-tablet hide-mobile\">\n                        <div class=\"row_inner col_align_top tb_col_count_1 tf_box tf_rel\">\n                        <div  data-lazy=\"1\" class=\"module_column tb-column col-full tb_k44166 first\">\n                    <!-- module plain text -->\n<div  class=\"module module-plain-text tb_yw1p524  wow\" data-tf-animation=\"fadeInUp\" data-lazy=\"1\">\n        <div class=\"tb_text_wrap\">\n    <div class=\"ismaincontact\">\n<div class=\"wpcf7 no-js\" id=\"wpcf7-f1738-o1\" lang=\"pt-PT\" dir=\"ltr\" data-wpcf7-id=\"1738\">\n<div class=\"screen-reader-response\"><p role=\"status\" aria-live=\"polite\" aria-atomic=\"true\"><\/p> <ul><\/ul><\/div>\n<form action=\"\/en\/wp-json\/wp\/v2\/pages\/1672#wpcf7-f1738-o1\" method=\"post\" class=\"wpcf7-form init\" aria-label=\"Formul\u00e1rio de contacto\" novalidate=\"novalidate\" data-status=\"init\">\n<fieldset class=\"hidden-fields-container\"><input type=\"hidden\" name=\"_wpcf7\" value=\"1738\" \/><input type=\"hidden\" name=\"_wpcf7_version\" value=\"6.1.5\" \/><input type=\"hidden\" name=\"_wpcf7_locale\" value=\"pt_PT\" \/><input type=\"hidden\" name=\"_wpcf7_unit_tag\" value=\"wpcf7-f1738-o1\" \/><input type=\"hidden\" name=\"_wpcf7_container_post\" value=\"0\" \/><input type=\"hidden\" name=\"_wpcf7_posted_data_hash\" value=\"\" \/>\n<\/fieldset>\n<div class=\"wrapcontform\">\n\t<div class=\"module_row themify_builder_row formspace tb_8shx372 tf_w tf_clearfix\">\n\t\t<div class=\"row_inner col_align_top tb_col_count_1 tf_box tf_rel\">\n\t\t\t<div class=\"module_column tb-column col4-2 tb_dp8z669 first\">\n\t\t\t\t<div class=\"tb-column-inner tf_box tf_w\">\n\t\t\t\t\t<div class=\"module_row themify_builder_row tb_mn5f431 tb_first tf_w\">\n\t\t\t\t\t\t<div class=\"row_inner col_align_top tb_col_count_1 tf_box tf_rel\">\n\t\t\t\t\t\t\t<div class=\"module_column tb-column col-full tb_apgo431 first\">\n\t\t\t\t\t\t\t\t<div class=\"mformct novalidate\">\n\t\t\t\t\t\t\t\t\t<p><span class=\"wpcf7-form-control-wrap\" data-name=\"text-103\"><input size=\"40\" maxlength=\"400\" class=\"wpcf7-form-control wpcf7-text wpcf7-validates-as-required novalidate\" aria-required=\"true\" aria-invalid=\"false\" placeholder=\"Name *\" value=\"\" type=\"text\" name=\"text-103\" \/><\/span>\n\t\t\t\t\t\t\t\t\t<\/p>\n\t\t\t\t\t\t\t\t<\/div>\n\t\t\t\t\t\t\t<\/div>\n\t\t\t\t\t\t<\/div>\n\t\t\t\t\t<\/div>\n\t\t\t\t\t<div class=\"module_row themify_builder_row tb_mn5f431 tb_first tf_w\">\n\t\t\t\t\t\t<div class=\"row_inner col_align_top tb_col_count_1 tf_box tf_rel\">\n\t\t\t\t\t\t\t<div class=\"module_column tb-column col-full tb_apgo431 first\">\n\t\t\t\t\t\t\t\t<div class=\"mformct novalidate\">\n\t\t\t\t\t\t\t\t\t<p><span class=\"wpcf7-form-control-wrap\" data-name=\"email-964\"><input size=\"40\" maxlength=\"400\" class=\"wpcf7-form-control wpcf7-email wpcf7-validates-as-required wpcf7-text wpcf7-validates-as-email novalidate\" aria-required=\"true\" aria-invalid=\"false\" placeholder=\"Email *\" value=\"\" type=\"email\" name=\"email-964\" \/><\/span>\n\t\t\t\t\t\t\t\t\t<\/p>\n\t\t\t\t\t\t\t\t<\/div>\n\t\t\t\t\t\t\t<\/div>\n\t\t\t\t\t\t<\/div>\n\t\t\t\t\t<\/div>\n\t\t\t\t\t<div class=\"module_row themify_builder_row tb_mn5f431 tb_first tf_w\">\n\t\t\t\t\t\t<div class=\"row_inner col_align_top tb_col_count_1 tf_box tf_rel\">\n\t\t\t\t\t\t\t<div class=\"module_column tb-column col-full tb_apgo431 first\">\n\t\t\t\t\t\t\t\t<div class=\"mformct novalidate\">\n\t\t\t\t\t\t\t\t\t<p><span class=\"wpcf7-form-control-wrap\" data-name=\"tel-463\"><input size=\"40\" maxlength=\"400\" class=\"wpcf7-form-control wpcf7-tel wpcf7-validates-as-required wpcf7-text wpcf7-validates-as-tel novalidate\" aria-required=\"true\" aria-invalid=\"false\" placeholder=\"Phone*\" value=\"\" type=\"tel\" name=\"tel-463\" \/><\/span>\n\t\t\t\t\t\t\t\t\t<\/p>\n\t\t\t\t\t\t\t\t<\/div>\n\t\t\t\t\t\t\t<\/div>\n\t\t\t\t\t\t<\/div>\n\t\t\t\t\t<\/div>\n\t\t\t\t\t<div class=\"ywrapccvalidate\">\n\t\t\t\t\t\t<p class=\"novalidate\"><span class=\"wpcf7-form-control-wrap\" data-name=\"acceptance-585\"><span class=\"wpcf7-form-control wpcf7-acceptance\"><span class=\"wpcf7-list-item\"><label><input type=\"checkbox\" name=\"acceptance-585\" value=\"1\" aria-invalid=\"false\" \/><span class=\"wpcf7-list-item-label\">I accept the Terms and Conditions and the Privacy and Personal Data Policy, which form an integral part of it. *<\/span><\/label><\/span><\/span><\/span>\n\t\t\t\t\t\t<\/p>\n\t\t\t\t\t<\/div>\n\t\t\t\t\t<div class=\"ywrapccvalidate addspacval\">\n\t\t\t\t\t\t<p class=\"novalidate\"><span class=\"wpcf7-form-control-wrap\" data-name=\"acceptance-586\"><span class=\"wpcf7-form-control wpcf7-acceptance optional\"><span class=\"wpcf7-list-item\"><label><input type=\"checkbox\" name=\"acceptance-586\" value=\"1\" aria-invalid=\"false\" \/><span class=\"wpcf7-list-item-label\">Please notify me of any special offers or promotions.<\/span><\/label><\/span><\/span><\/span>\n\t\t\t\t\t\t<\/p>\n\t\t\t\t\t<\/div>\n\t\t\t\t<\/div>\n\t\t\t<\/div>\n\t\t\t<div class=\"module_column tb-column col4-2 tb_jbg8669 last\">\n\t\t\t\t<div class=\"tb-column-inner tf_box tf_w\">\n\t\t\t\t\t<div class=\"mformct\">\n\t\t\t\t\t\t<div class=\"allmessage\">\n\t\t\t\t\t\t\t<p><span class=\"wpcf7-form-control-wrap\" data-name=\"textarea-960\"><textarea cols=\"40\" rows=\"10\" maxlength=\"2000\" class=\"wpcf7-form-control wpcf7-textarea wpcf7-validates-as-required\" aria-required=\"true\" aria-invalid=\"false\" placeholder=\"Message*\" name=\"textarea-960\"><\/textarea><\/span>\n\t\t\t\t\t\t\t<\/p>\n\t\t\t\t\t\t<\/div>\n\t\t\t\t\t\t<div class=\"istosub\">\n\t\t\t\t\t\t\t<p><button id='submit' class='wpcf7-form-control wpcf7-submit btn btn-primary'>Send message<\/button>\n\t\t\t\t\t\t\t<\/p>\n\t\t\t\t\t\t<\/div>\n\t\t\t\t\t<\/div>\n\t\t\t\t<\/div>\n\t\t\t<\/div>\n\t\t<\/div>\n\t<\/div>\n<\/div><p style=\"display: none !important;\" class=\"akismet-fields-container\" data-prefix=\"_wpcf7_ak_\"><label>&#916;<textarea name=\"_wpcf7_ak_hp_textarea\" cols=\"45\" rows=\"8\" maxlength=\"100\"><\/textarea><\/label><input type=\"hidden\" id=\"ak_js_1\" name=\"_wpcf7_ak_js\" value=\"23\"\/><script>document.getElementById( \"ak_js_1\" ).setAttribute( \"value\", ( new Date() ).getTime() );<\/script><\/p><div class=\"wpcf7-response-output\" aria-hidden=\"true\"><\/div>\n<\/form>\n<\/div>\n<\/div>    <\/div>\n<\/div>\n<!-- \/module plain text -->        <\/div>\n                        <\/div>\n        <\/div>\n                        <div  data-lazy=\"1\" class=\"module_row themify_builder_row tb_rfuj640 tf_w hide-desktop hide-tablet_landscape\">\n                        <div class=\"row_inner col_align_top tb_col_count_1 tf_box tf_rel\">\n                        <div  data-lazy=\"1\" class=\"module_column tb-column col-full tb_ue2p640 first\">\n                    <!-- module plain text -->\n<div  class=\"module module-plain-text tb_w7rd640 \" data-lazy=\"1\">\n        <div class=\"tb_text_wrap\">\n    <div class=\"ismaincontact\">\n<div class=\"wpcf7 no-js\" id=\"wpcf7-f1312-o2\" lang=\"pt-PT\" dir=\"ltr\" data-wpcf7-id=\"1312\">\n<div class=\"screen-reader-response\"><p role=\"status\" aria-live=\"polite\" aria-atomic=\"true\"><\/p> <ul><\/ul><\/div>\n<form action=\"\/en\/wp-json\/wp\/v2\/pages\/1672#wpcf7-f1312-o2\" method=\"post\" class=\"wpcf7-form init\" aria-label=\"Formul\u00e1rio de contacto\" novalidate=\"novalidate\" data-status=\"init\">\n<fieldset class=\"hidden-fields-container\"><input type=\"hidden\" name=\"_wpcf7\" value=\"1312\" \/><input type=\"hidden\" name=\"_wpcf7_version\" value=\"6.1.5\" \/><input type=\"hidden\" name=\"_wpcf7_locale\" value=\"pt_PT\" \/><input type=\"hidden\" name=\"_wpcf7_unit_tag\" value=\"wpcf7-f1312-o2\" \/><input type=\"hidden\" name=\"_wpcf7_container_post\" value=\"0\" \/><input type=\"hidden\" name=\"_wpcf7_posted_data_hash\" value=\"\" \/>\n<\/fieldset>\n<div class=\"wrapcontform\">\n\t<div class=\"module_row themify_builder_row formspace tb_8shx372 tf_w tf_clearfix\">\n\t\t<div class=\"row_inner col_align_top tb_col_count_1 tf_box tf_rel\">\n\t\t\t<div class=\"module_column tb-column col4-2 tb_dp8z669 first\">\n\t\t\t\t<div class=\"tb-column-inner tf_box tf_w\">\n\t\t\t\t\t<div class=\"module_row themify_builder_row tb_mn5f431 tb_first tf_w\">\n\t\t\t\t\t\t<div class=\"row_inner col_align_top tb_col_count_1 tf_box tf_rel\">\n\t\t\t\t\t\t\t<div class=\"module_column tb-column col-full tb_apgo431 first\">\n\t\t\t\t\t\t\t\t<div class=\"mformct novalidate\">\n\t\t\t\t\t\t\t\t\t<p><span class=\"wpcf7-form-control-wrap\" data-name=\"text-103\"><input size=\"40\" maxlength=\"400\" class=\"wpcf7-form-control wpcf7-text wpcf7-validates-as-required novalidate\" aria-required=\"true\" aria-invalid=\"false\" placeholder=\"Nome *\" value=\"\" type=\"text\" name=\"text-103\" \/><\/span>\n\t\t\t\t\t\t\t\t\t<\/p>\n\t\t\t\t\t\t\t\t<\/div>\n\t\t\t\t\t\t\t<\/div>\n\t\t\t\t\t\t<\/div>\n\t\t\t\t\t<\/div>\n\t\t\t\t\t<div class=\"module_row themify_builder_row tb_mn5f431 tb_first tf_w\">\n\t\t\t\t\t\t<div class=\"row_inner col_align_top tb_col_count_1 tf_box tf_rel\">\n\t\t\t\t\t\t\t<div class=\"module_column tb-column col-full tb_apgo431 first\">\n\t\t\t\t\t\t\t\t<div class=\"mformct novalidate\">\n\t\t\t\t\t\t\t\t\t<p><span class=\"wpcf7-form-control-wrap\" data-name=\"email-964\"><input size=\"40\" maxlength=\"400\" class=\"wpcf7-form-control wpcf7-email wpcf7-validates-as-required wpcf7-text wpcf7-validates-as-email novalidate\" aria-required=\"true\" aria-invalid=\"false\" placeholder=\"Email *\" value=\"\" type=\"email\" name=\"email-964\" \/><\/span>\n\t\t\t\t\t\t\t\t\t<\/p>\n\t\t\t\t\t\t\t\t<\/div>\n\t\t\t\t\t\t\t<\/div>\n\t\t\t\t\t\t<\/div>\n\t\t\t\t\t<\/div>\n\t\t\t\t\t<div class=\"module_row themify_builder_row tb_mn5f431 tb_first tf_w\">\n\t\t\t\t\t\t<div class=\"row_inner col_align_top tb_col_count_1 tf_box tf_rel\">\n\t\t\t\t\t\t\t<div class=\"module_column tb-column col-full tb_apgo431 first\">\n\t\t\t\t\t\t\t\t<div class=\"mformct novalidate\">\n\t\t\t\t\t\t\t\t\t<p><span class=\"wpcf7-form-control-wrap\" data-name=\"tel-463\"><input size=\"40\" maxlength=\"400\" class=\"wpcf7-form-control wpcf7-tel wpcf7-validates-as-required wpcf7-text wpcf7-validates-as-tel novalidate\" aria-required=\"true\" aria-invalid=\"false\" placeholder=\"Telefone*\" value=\"\" type=\"tel\" name=\"tel-463\" \/><\/span>\n\t\t\t\t\t\t\t\t\t<\/p>\n\t\t\t\t\t\t\t\t<\/div>\n\t\t\t\t\t\t\t<\/div>\n\t\t\t\t\t\t<\/div>\n\t\t\t\t\t<\/div>\n\t\t\t\t<\/div>\n\t\t\t<\/div>\n\t\t\t<div class=\"module_column tb-column col4-2 tb_jbg8669 last\">\n\t\t\t\t<div class=\"tb-column-inner tf_box tf_w\">\n\t\t\t\t\t<div class=\"mformct\">\n\t\t\t\t\t\t<div class=\"allmessage\">\n\t\t\t\t\t\t\t<p><span class=\"wpcf7-form-control-wrap\" data-name=\"textarea-960\"><textarea cols=\"40\" rows=\"10\" maxlength=\"2000\" class=\"wpcf7-form-control wpcf7-textarea wpcf7-validates-as-required\" aria-required=\"true\" aria-invalid=\"false\" placeholder=\"Mensagem *\" name=\"textarea-960\"><\/textarea><\/span>\n\t\t\t\t\t\t\t<\/p>\n\t\t\t\t\t\t<\/div>\n\t\t\t\t\t\t<div class=\"ywrapccvalidate\">\n\t\t\t\t\t\t\t<p class=\"novalidate\"><span class=\"wpcf7-form-control-wrap\" data-name=\"acceptance-585\"><span class=\"wpcf7-form-control wpcf7-acceptance\"><span class=\"wpcf7-list-item\"><label><input type=\"checkbox\" name=\"acceptance-585\" value=\"1\" aria-invalid=\"false\" \/><span class=\"wpcf7-list-item-label\">Aceito os Termos e Condi\u00e7\u00f5es e a Pol\u00edtica de Privacidade e Dados Pessoais, que dele fazem parte integrante. *<\/span><\/label><\/span><\/span><\/span>\n\t\t\t\t\t\t\t<\/p>\n\t\t\t\t\t\t<\/div>\n\t\t\t\t\t\t<div class=\"ywrapccvalidate addspacval\">\n\t\t\t\t\t\t\t<p class=\"novalidate\"><span class=\"wpcf7-form-control-wrap\" data-name=\"acceptance-586\"><span class=\"wpcf7-form-control wpcf7-acceptance optional\"><span class=\"wpcf7-list-item\"><label><input type=\"checkbox\" name=\"acceptance-586\" value=\"1\" aria-invalid=\"false\" \/><span class=\"wpcf7-list-item-label\">Por favor, avise-me sobre quaisquer ofertas ou promo\u00e7\u00f5es especiais.<\/span><\/label><\/span><\/span><\/span>\n\t\t\t\t\t\t\t<\/p>\n\t\t\t\t\t\t<\/div>\n\t\t\t\t\t\t<div class=\"istosub\">\n\t\t\t\t\t\t\t<p><button id='submit' class='wpcf7-form-control wpcf7-submit btn btn-primary'>Enviar mensagem<\/button>\n\t\t\t\t\t\t\t<\/p>\n\t\t\t\t\t\t<\/div>\n\t\t\t\t\t<\/div>\n\t\t\t\t<\/div>\n\t\t\t<\/div>\n\t\t<\/div>\n\t<\/div>\n<\/div><p style=\"display: none !important;\" class=\"akismet-fields-container\" data-prefix=\"_wpcf7_ak_\"><label>&#916;<textarea name=\"_wpcf7_ak_hp_textarea\" cols=\"45\" rows=\"8\" maxlength=\"100\"><\/textarea><\/label><input type=\"hidden\" id=\"ak_js_2\" name=\"_wpcf7_ak_js\" value=\"38\"\/><script>document.getElementById( \"ak_js_2\" ).setAttribute( \"value\", ( new Date() ).getTime() );<\/script><\/p><div class=\"wpcf7-response-output\" aria-hidden=\"true\"><\/div>\n<\/form>\n<\/div>\n<\/div>    <\/div>\n<\/div>\n<!-- \/module plain text -->        <\/div>\n                        <\/div>\n        <\/div>\n                        <div  data-lazy=\"1\" class=\"module_row themify_builder_row wrapcontactdetails tb_w3f11 tf_w wow\" data-tf-animation=\"fadeInUp\">\n                        <div class=\"row_inner col_align_top tb_col_count_3 tf_box tf_rel\">\n                        <div  data-lazy=\"1\" class=\"module_column tb-column col3-1 tb_gwlc1 first\">\n                    <!-- module plain text -->\n<div  class=\"module module-plain-text tb_axse168 wrapboxcontdet\" data-lazy=\"1\">\n        <div class=\"tb_text_wrap\">\n    <div class=\"gt-linealt\"><\/div>\n<div class=\"wrapdetti\">Phone<\/div>\t\n<p>+351 253 461 462<span class=\"tlfinfo\">(Call to national landline)<\/span><\/p>    <\/div>\n<\/div>\n<!-- \/module plain text -->        <\/div>\n                    <div  data-lazy=\"1\" class=\"module_column tb-column col3-1 tb_itdz752\">\n                    <!-- module plain text -->\n<div  class=\"module module-plain-text tb_4zjl712 wrapboxcontdet\" data-lazy=\"1\">\n        <div class=\"tb_text_wrap\">\n    <div class=\"gt-linealt\"><\/div>\n<div class=\"wrapdetti\">Email<\/div>\t\n<a href=\"mailto:geral@castro-group.pt\">geral@castro-group.pt<\/a>    <\/div>\n<\/div>\n<!-- \/module plain text -->        <\/div>\n                    <div  data-lazy=\"1\" class=\"module_column tb-column col3-1 tb_g0mc752 last\">\n                    <!-- module plain text -->\n<div  class=\"module module-plain-text tb_0bc8807 wrapboxcontdet\" data-lazy=\"1\">\n        <div class=\"tb_text_wrap\">\n    <div class=\"gt-linealt\"><\/div>\n<div class=\"wrapdetti\">Address<\/div>\t\n<p>Praia de Salgueiros &#8211; Av. da Beira-Mar <br>\n4400-382 Vila Nova de Gaia<\/p>    <\/div>\n<\/div>\n<!-- \/module plain text -->        <\/div>\n                        <\/div>\n        <\/div>\n                        <div  data-css_id=\"x8l7904\" data-lazy=\"1\" class=\"module_row themify_builder_row wrapgmapa fullwidth tb_x8l7904 tf_w wow\" data-tf-animation=\"fadeInUp\">\n                        <div class=\"row_inner col_align_top tb_col_count_1 tf_box tf_rel\">\n                        <div  data-lazy=\"1\" class=\"module_column tb-column col-full tb_41st905 first\">\n                    <!-- module plain text -->\n<div  class=\"module module-plain-text tb_cye2335 \" data-lazy=\"1\">\n        <div class=\"tb_text_wrap\">\n    [wpgmza id=&#8221;1&#8243;]    <\/div>\n<\/div>\n<!-- \/module plain text -->        <\/div>\n                        <\/div>\n        <\/div>\n        <\/div>\n<!--\/themify_builder_content-->","protected":false},"excerpt":{"rendered":"<p>THE BREEZE Start your day overlooking the sea 365 days a year. Talk to us CONTACTS Choose your new home and take a tour Phone +351 253 461 462(Call to national landline) Email geral@castro-group.pt Address Praia de Salgueiros &#8211; Av. da Beira-Mar 4400-382 Vila Nova de Gaia [wpgmza id=&#8221;1&#8243;]<\/p>\n","protected":false},"author":2,"featured_media":1586,"parent":0,"menu_order":4,"comment_status":"closed","ping_status":"closed","template":"","meta":{"footnotes":""},"class_list":["post-1672","page","type-page","status-publish","has-post-thumbnail","hentry","has-post-title","has-post-date","has-post-category","has-post-tag","has-post-comment","has-post-author",""],"_links":{"self":[{"href":"https:\/\/thebreeze.pt\/en\/wp-json\/wp\/v2\/pages\/1672","targetHints":{"allow":["GET"]}}],"collection":[{"href":"https:\/\/thebreeze.pt\/en\/wp-json\/wp\/v2\/pages"}],"about":[{"href":"https:\/\/thebreeze.pt\/en\/wp-json\/wp\/v2\/types\/page"}],"author":[{"embeddable":true,"href":"https:\/\/thebreeze.pt\/en\/wp-json\/wp\/v2\/users\/2"}],"replies":[{"embeddable":true,"href":"https:\/\/thebreeze.pt\/en\/wp-json\/wp\/v2\/comments?post=1672"}],"version-history":[{"count":4,"href":"https:\/\/thebreeze.pt\/en\/wp-json\/wp\/v2\/pages\/1672\/revisions"}],"predecessor-version":[{"id":1820,"href":"https:\/\/thebreeze.pt\/en\/wp-json\/wp\/v2\/pages\/1672\/revisions\/1820"}],"wp:featuredmedia":[{"embeddable":true,"href":"https:\/\/thebreeze.pt\/en\/wp-json\/wp\/v2\/media\/1586"}],"wp:attachment":[{"href":"https:\/\/thebreeze.pt\/en\/wp-json\/wp\/v2\/media?parent=1672"}],"curies":[{"name":"wp","href":"https:\/\/api.w.org\/{rel}","templated":true}]}}